{"id":65,"date":"2017-06-20T11:43:39","date_gmt":"2017-06-20T11:43:39","guid":{"rendered":"http:\/\/box5887.temp.domains\/~digipres\/?page_id=65"},"modified":"2019-08-06T00:44:29","modified_gmt":"2019-08-06T04:44:29","slug":"about-printing-needs","status":"publish","type":"page","link":"https:\/\/digi-presse.com\/fr_ca\/about-printing-needs\/","title":{"rendered":"A propos"},"content":{"rendered":"<div class=\"wpb-content-wrapper\"><div class=\"vc_row wpb_row vc_row-fluid\"><div class=\"wpb_column vc_column_container vc_col-sm-12 sc_layouts_column_icons_position_left\"><div class=\"vc_column-inner\"><div class=\"wpb_wrapper\"><div class=\"sc_layouts sc_layouts_default sc_layouts_977\"><div class=\"vc_row wpb_row vc_row-fluid vc_row-o-equal-height vc_row-o-content-middle vc_row-flex\"><div class=\"wpb_column vc_column_container vc_col-sm-12 vc_col-md-6 sc_layouts_column_icons_position_left\"><div class=\"vc_column-inner\"><div class=\"wpb_wrapper\">\n\t<div  class=\"wpb_single_image wpb_content_element vc_align_left wpb_content_element\">\n\t\t\n\t\t<figure class=\"wpb_wrapper vc_figure\">\n\t\t\t<div class=\"vc_single_image-wrapper   vc_box_border_grey\"><img fetchpriority=\"high\" decoding=\"async\" width=\"570\" height=\"650\" src=\"https:\/\/digi-presse.com\/wp-content\/uploads\/2017\/10\/about_printing-1.jpg\" class=\"vc_single_image-img attachment-full\" alt=\"\" title=\"about_printing\" srcset=\"https:\/\/digi-presse.com\/wp-content\/uploads\/2017\/10\/about_printing-1.jpg 570w, https:\/\/digi-presse.com\/wp-content\/uploads\/2017\/10\/about_printing-1-263x300.jpg 263w, https:\/\/digi-presse.com\/wp-content\/uploads\/2017\/10\/about_printing-1-370x422.jpg 370w\" sizes=\"(max-width: 570px) 100vw, 570px\" \/><\/div>\n\t\t<\/figure>\n\t<\/div>\n<\/div><\/div><\/div><div class=\"wpb_column vc_column_container vc_col-sm-12 vc_col-md-6 sc_layouts_column_icons_position_left\"><div class=\"vc_column-inner\"><div class=\"wpb_wrapper\"><div class=\"vc_empty_space  hide_on_desktop hide_on_notebook height_large\"   style=\"height: 32px\"><span class=\"vc_empty_space_inner\"><\/span><\/div><div id=\"sc_content_179890844\"\n\t\tclass=\"sc_content color_style_default sc_content_default sc_float_center sc_padding_tiny\"><div class=\"sc_content_container\"><div id=\"sc_title_1220869012\"\n\t\tclass=\"sc_title color_style_default sc_title_default\"><h6 class=\"sc_item_subtitle sc_title_subtitle sc_align_left sc_item_title_style_default\">A propos de Digi-Presse<\/h6><h3 class=\"sc_item_title sc_title_title sc_align_left sc_item_title_style_default\">La r\u00e9ponse \u00e0 tous vos besoins en impression !<\/h3><div class=\"sc_item_descr sc_title_descr sc_align_left\"><p>Nous produisons une large gamme de produits populaires comme des cartes de visite, des catalogues, des posters, des affiches, et bien plus.<br \/>\nPeu importe ce dont vous avez besoin, nous sommes l\u00e0 pour vous aider !<\/p>\n<p>Pour tous vos besoins d\u2019impression personnalis\u00e9e, en commen\u00e7ant par la phase de design, jusqu\u2019\u00e0 la production et la livraison, notre \u00e9quipe de professionnels vous guide vers la meilleure option, adapt\u00e9e \u00e0 votre budget et \u00e0 votre projet de toute taille.<br \/>\nwith the best and most cost-effective solutions for any size project.<\/p>\n<\/div><div class=\"sc_item_button sc_button_wrap sc_align_left\"><a href=\"\/fr_ca\/contacts\/\" id=\"sc_button_1460100276\" class=\"sc_button color_style_default sc_button_default sc_item_button sc_item_button_default sc_title_button sc_button_size_normal sc_button_icon_left\"><span class=\"sc_button_text\"><span class=\"sc_button_title\">Contactez-nous<\/span><\/span><!-- \/.sc_button_text --><\/a><!-- \/.sc_button --><\/div><!-- \/.sc_item_button --><\/div><!-- \/.sc_title --><\/div><\/div><!-- \/.sc_content --><\/div><\/div><\/div><div class=\"wpb_column vc_column_container vc_col-sm-12 sc_layouts_column_icons_position_left\"><div class=\"vc_column-inner\"><div class=\"wpb_wrapper\"><div class=\"vc_empty_space  height_huge\"   style=\"height: 32px\"><span class=\"vc_empty_space_inner\"><\/span><\/div><\/div><\/div><\/div><\/div><\/div><\/div><\/div><\/div><\/div>\n<\/div>","protected":false},"excerpt":{"rendered":"About Digi-PresseA one-stop shop for all your printing needs!We produce a wide range of popular products from business cards and catalogues to posters and banners, and everything in between. Whatever your needs, we\u2019ve got it covered! For all your custom printing needs, starting from the Design phase to Production and Delivery , our professional staff can help guide you with&hellip;","protected":false},"author":1,"featured_media":0,"parent":0,"menu_order":0,"comment_status":"closed","ping_status":"closed","template":"","meta":{"nf_dc_page":"","footnotes":""},"class_list":["post-65","page","type-page","status-publish","hentry"],"_links":{"self":[{"href":"https:\/\/digi-presse.com\/fr_ca\/wp-json\/wp\/v2\/pages\/65","targetHints":{"allow":["GET"]}}],"collection":[{"href":"https:\/\/digi-presse.com\/fr_ca\/wp-json\/wp\/v2\/pages"}],"about":[{"href":"https:\/\/digi-presse.com\/fr_ca\/wp-json\/wp\/v2\/types\/page"}],"author":[{"embeddable":true,"href":"https:\/\/digi-presse.com\/fr_ca\/wp-json\/wp\/v2\/users\/1"}],"replies":[{"embeddable":true,"href":"https:\/\/digi-presse.com\/fr_ca\/wp-json\/wp\/v2\/comments?post=65"}],"version-history":[{"count":4,"href":"https:\/\/digi-presse.com\/fr_ca\/wp-json\/wp\/v2\/pages\/65\/revisions"}],"predecessor-version":[{"id":1404,"href":"https:\/\/digi-presse.com\/fr_ca\/wp-json\/wp\/v2\/pages\/65\/revisions\/1404"}],"wp:attachment":[{"href":"https:\/\/digi-presse.com\/fr_ca\/wp-json\/wp\/v2\/media?parent=65"}],"curies":[{"name":"wp","href":"https:\/\/api.w.org\/{rel}","templated":true}]}}