{"id":30,"date":"2017-06-20T11:39:44","date_gmt":"2017-06-20T11:39:44","guid":{"rendered":"http:\/\/box5887.temp.domains\/~digipres\/?page_id=30"},"modified":"2019-08-06T01:41:03","modified_gmt":"2019-08-06T05:41:03","slug":"our-services","status":"publish","type":"page","link":"https:\/\/digi-presse.com\/fr_ca\/our-services\/","title":{"rendered":"Nos services"},"content":{"rendered":"<div class=\"wpb-content-wrapper\"><div class=\"vc_row wpb_row vc_row-fluid\"><div class=\"wpb_column vc_column_container vc_col-sm-12 sc_layouts_column_icons_position_left\"><div class=\"vc_column-inner\"><div class=\"wpb_wrapper\"><div class=\"vc_empty_space  height_huge\"   style=\"height: 32px\"><span class=\"vc_empty_space_inner\"><\/span><\/div><div id=\"sc_services_2014885521\" class=\"sc_services color_style_default sc_services_light sc_services_featured_top aligncenter\"><div class=\"sc_services_columns_wrap sc_item_columns sc_item_columns_3 trx_addons_columns_wrap columns_padding_bottom\"><div class=\"trx_addons_column-1_3\"><div class=\"sc_services_item with_content with_image sc_services_item_featured_top\">\r\n\t<div class=\"post_featured with_thumb hover_icon sc_services_item_thumb\"><img decoding=\"async\" width=\"75\" height=\"75\" src=\"https:\/\/digi-presse.com\/wp-content\/uploads\/2019\/05\/business_cards1.jpg\" class=\"attachment-alpha_color-thumb-med size-alpha_color-thumb-med wp-post-image\" alt=\"Business Cards\" \/><div class=\"mask\"><\/div><div class=\"icons\"><a href=\"https:\/\/digi-presse.com\/fr_ca\/services\/business-cards\/\" aria-hidden=\"true\" class=\"icon-link\"><\/a><\/div><\/div>\t\r\n\t<div class=\"sc_services_item_info\">\r\n\t\t<div class=\"sc_services_item_header\">\r\n\t\t\t\t\t\t<h6 class=\"sc_services_item_title\"><a href=\"https:\/\/digi-presse.com\/fr_ca\/services\/business-cards\/\">Cartes de visite<\/a><\/h6>\r\n\t\t\t<div class=\"sc_services_item_subtitle\"><a href=\"https:\/\/digi-presse.com\/fr_ca\/services_group\/digi-home\/\" title=\"View all posts in Digi Home\">Digi Home<\/a><\/div>\t\t<\/div>\r\n\t\t\t\t\t<div class=\"sc_services_item_content\"><p>Obtenir des clients n\u2019est possible qu\u2019en se faisant remarquer. Avec une multitude d\u2019options, et une \u00e9quipe de designers professionnels, nous cr\u00e9ons sans difficult\u00e9 une carte de visite remarquable. Choisissez une finition qui attire l\u2019attention, et faites que quiconque ayant cette carte en main se\nrappelle de vous.<\/p>\n<\/div>\r\n\t\t\t<div class=\"sc_services_item_button sc_item_button\"><a href=\"https:\/\/digi-presse.com\/fr_ca\/services\/business-cards\/\" class=\"sc_button sc_button_simple\">Learn more<\/a><\/div>\r\n\t\t\t<\/div>\r\n<\/div>\r\n<\/div><div class=\"trx_addons_column-1_3\"><div class=\"sc_services_item with_content with_image sc_services_item_featured_top\">\r\n\t<div class=\"post_featured with_thumb hover_icon sc_services_item_thumb\"><img decoding=\"async\" width=\"75\" height=\"75\" src=\"https:\/\/digi-presse.com\/wp-content\/uploads\/2019\/05\/brochure.jpg\" class=\"attachment-alpha_color-thumb-med size-alpha_color-thumb-med wp-post-image\" alt=\"Brochures \/ Flyers\" \/><div class=\"mask\"><\/div><div class=\"icons\"><a href=\"https:\/\/digi-presse.com\/fr_ca\/services\/brochures-flyers\/\" aria-hidden=\"true\" class=\"icon-link\"><\/a><\/div><\/div>\t\r\n\t<div class=\"sc_services_item_info\">\r\n\t\t<div class=\"sc_services_item_header\">\r\n\t\t\t\t\t\t<h6 class=\"sc_services_item_title\"><a href=\"https:\/\/digi-presse.com\/fr_ca\/services\/brochures-flyers\/\">Brochures \/ Flyers<\/a><\/h6>\r\n\t\t\t<div class=\"sc_services_item_subtitle\"><a href=\"https:\/\/digi-presse.com\/fr_ca\/services_group\/digi-home\/\" title=\"View all posts in Digi Home\">Digi Home<\/a><\/div>\t\t<\/div>\r\n\t\t\t\t\t<div class=\"sc_services_item_content\"><p>Les brochures sont \u00e0 la base de toute strat\u00e9gie marketing pour une bonne raison. Distribuez-les \u00e0 des salons professionnels, mettez-les sur le comptoir de votre magasin ou donnez-les \u00e0 l\u2019occasion d\u2019un \u00e9v\u00e9nement de pop-up store. Leur polyvalence est leur atout premier.<\/p>\n<\/div>\r\n\t\t\t<div class=\"sc_services_item_button sc_item_button\"><a href=\"https:\/\/digi-presse.com\/fr_ca\/services\/brochures-flyers\/\" class=\"sc_button sc_button_simple\">Learn more<\/a><\/div>\r\n\t\t\t<\/div>\r\n<\/div>\r\n<\/div><div class=\"trx_addons_column-1_3\"><div class=\"sc_services_item with_content with_image sc_services_item_featured_top\">\r\n\t<div class=\"post_featured with_thumb hover_icon sc_services_item_thumb\"><img decoding=\"async\" width=\"75\" height=\"75\" src=\"https:\/\/digi-presse.com\/wp-content\/uploads\/2019\/05\/booklet.jpg\" class=\"attachment-alpha_color-thumb-med size-alpha_color-thumb-med wp-post-image\" alt=\"Booklets \/ Catalogues\" \/><div class=\"mask\"><\/div><div class=\"icons\"><a href=\"https:\/\/digi-presse.com\/fr_ca\/services\/booklets-catalogues\/\" aria-hidden=\"true\" class=\"icon-link\"><\/a><\/div><\/div>\t\r\n\t<div class=\"sc_services_item_info\">\r\n\t\t<div class=\"sc_services_item_header\">\r\n\t\t\t\t\t\t<h6 class=\"sc_services_item_title\"><a href=\"https:\/\/digi-presse.com\/fr_ca\/services\/booklets-catalogues\/\">Livrets \/ Catalogues<\/a><\/h6>\r\n\t\t\t<div class=\"sc_services_item_subtitle\"><a href=\"https:\/\/digi-presse.com\/fr_ca\/services_group\/digi-home\/\" title=\"View all posts in Digi Home\">Digi Home<\/a><\/div>\t\t<\/div>\r\n\t\t\t\t\t<div class=\"sc_services_item_content\"><p>Un livret personnalis\u00e9 est un tr\u00e8s bon moyen de vous assurer que vos clients ont toute l\u2019information qu\u2019il leur faut. Nous avons plusieurs options de reliures pour un aspect professionnel alli\u00e9 \u00e0 une bonne durabilit\u00e9. Ajoutez du texte personnalis\u00e9, des images, les produits que vous vendez et bien plus encore\nafin que votre entreprise se d\u00e9marque.<\/p>\n<\/div>\r\n\t\t\t<div class=\"sc_services_item_button sc_item_button\"><a href=\"https:\/\/digi-presse.com\/fr_ca\/services\/booklets-catalogues\/\" class=\"sc_button sc_button_simple\">Learn more<\/a><\/div>\r\n\t\t\t<\/div>\r\n<\/div>\r\n<\/div><div class=\"trx_addons_column-1_3\"><div class=\"sc_services_item with_content with_image sc_services_item_featured_top\">\r\n\t<div class=\"post_featured with_thumb hover_icon sc_services_item_thumb\"><img loading=\"lazy\" decoding=\"async\" width=\"75\" height=\"75\" src=\"https:\/\/digi-presse.com\/wp-content\/uploads\/2019\/05\/postcards.jpg\" class=\"attachment-alpha_color-thumb-med size-alpha_color-thumb-med wp-post-image\" alt=\"Postcards\" \/><div class=\"mask\"><\/div><div class=\"icons\"><a href=\"https:\/\/digi-presse.com\/fr_ca\/services\/premium-postcards\/\" aria-hidden=\"true\" class=\"icon-link\"><\/a><\/div><\/div>\t\r\n\t<div class=\"sc_services_item_info\">\r\n\t\t<div class=\"sc_services_item_header\">\r\n\t\t\t\t\t\t<h6 class=\"sc_services_item_title\"><a href=\"https:\/\/digi-presse.com\/fr_ca\/services\/premium-postcards\/\">Cartes postales<\/a><\/h6>\r\n\t\t\t<div class=\"sc_services_item_subtitle\"><a href=\"https:\/\/digi-presse.com\/fr_ca\/services_group\/digi-home\/\" title=\"View all posts in Digi Home\">Digi Home<\/a><\/div>\t\t<\/div>\r\n\t\t\t\t\t<div class=\"sc_services_item_content\"><p>Polyvalentes, faciles d\u2019utilisation, et efficaces. Faites de ces cartes postales un v\u00e9ritable couteau Suisse dans votre boite \u00e0 outil du marketing, et utilisez-les pour des campagnes de publipostage, marketing de rue, m\u00e9mo de rendez-vous, coupons, etc.<\/p>\n<\/div>\r\n\t\t\t<div class=\"sc_services_item_button sc_item_button\"><a href=\"https:\/\/digi-presse.com\/fr_ca\/services\/premium-postcards\/\" class=\"sc_button sc_button_simple\">Learn more<\/a><\/div>\r\n\t\t\t<\/div>\r\n<\/div>\r\n<\/div><div class=\"trx_addons_column-1_3\"><div class=\"sc_services_item with_content with_image sc_services_item_featured_top\">\r\n\t<div class=\"post_featured with_thumb hover_icon sc_services_item_thumb\"><img loading=\"lazy\" decoding=\"async\" width=\"75\" height=\"75\" src=\"https:\/\/digi-presse.com\/wp-content\/uploads\/2019\/05\/folder.jpg\" class=\"attachment-alpha_color-thumb-med size-alpha_color-thumb-med wp-post-image\" alt=\"Pocket Folder\" \/><div class=\"mask\"><\/div><div class=\"icons\"><a href=\"https:\/\/digi-presse.com\/fr_ca\/services\/pocket-folder\/\" aria-hidden=\"true\" class=\"icon-link\"><\/a><\/div><\/div>\t\r\n\t<div class=\"sc_services_item_info\">\r\n\t\t<div class=\"sc_services_item_header\">\r\n\t\t\t\t\t\t<h6 class=\"sc_services_item_title\"><a href=\"https:\/\/digi-presse.com\/fr_ca\/services\/pocket-folder\/\">Chemises<\/a><\/h6>\r\n\t\t\t<div class=\"sc_services_item_subtitle\"><a href=\"https:\/\/digi-presse.com\/fr_ca\/services_group\/digi-home\/\" title=\"View all posts in Digi Home\">Digi Home<\/a><\/div>\t\t<\/div>\r\n\t\t\t\t\t<div class=\"sc_services_item_content\"><p>Vous voulez montrer \u00e0 quel point vous \u00eates professionnel ? Utilisez un dossier de pr\u00e9sentation quand\nvous rencontrez des clients potentiels, celui-ci vous permettra de transmettre des documents importants ou un dossier \u00e0 ramener chez soi pour les potentiels clients que vous rencontrez \u00e0 un \u00e9v\u00e9nement.\nMettez tous les atouts de votre c\u00f4t\u00e9. Ayez une pr\u00e9sentation coh\u00e9rente qui vous d\u00e9marque de simples polycopi\u00e9s ou classeurs, et soyez m\u00e9morables faces \u00e0 de potentiels clients.<\/p>\n<\/div>\r\n\t\t\t<div class=\"sc_services_item_button sc_item_button\"><a href=\"https:\/\/digi-presse.com\/fr_ca\/services\/pocket-folder\/\" class=\"sc_button sc_button_simple\">Learn more<\/a><\/div>\r\n\t\t\t<\/div>\r\n<\/div>\r\n<\/div><div class=\"trx_addons_column-1_3\"><div class=\"sc_services_item with_content with_image sc_services_item_featured_top\">\r\n\t<div class=\"post_featured with_thumb hover_icon sc_services_item_thumb\"><img loading=\"lazy\" decoding=\"async\" width=\"75\" height=\"75\" src=\"https:\/\/digi-presse.com\/wp-content\/uploads\/2019\/05\/greeting_card.jpg\" class=\"attachment-alpha_color-thumb-med size-alpha_color-thumb-med wp-post-image\" alt=\"Greeting Cards\" \/><div class=\"mask\"><\/div><div class=\"icons\"><a href=\"https:\/\/digi-presse.com\/fr_ca\/services\/greeting-cards\/\" aria-hidden=\"true\" class=\"icon-link\"><\/a><\/div><\/div>\t\r\n\t<div class=\"sc_services_item_info\">\r\n\t\t<div class=\"sc_services_item_header\">\r\n\t\t\t\t\t\t<h6 class=\"sc_services_item_title\"><a href=\"https:\/\/digi-presse.com\/fr_ca\/services\/greeting-cards\/\">Cartes de voeux<\/a><\/h6>\r\n\t\t\t<div class=\"sc_services_item_subtitle\"><a href=\"https:\/\/digi-presse.com\/fr_ca\/services_group\/digi-home\/\" title=\"View all posts in Digi Home\">Digi Home<\/a><\/div>\t\t<\/div>\r\n\t\t\t\t\t<div class=\"sc_services_item_content\"><p>Laissez-nous vous aider \u00e0 c\u00e9l\u00e9brer les f\u00eates ou les \u00e9v\u00e9nements sp\u00e9ciaux avec un style inoubliable \u2013 imprimez des cartes de voeux personnalis\u00e9es pour rendre exceptionnels les anniversaires, les f\u00eates, les invitations, les faire-parts de naissance ou tout autre \u00e9v\u00e9nement. Stylisez vos cartes avec des enveloppes assorties, et profitez de notre s\u00e9lection de papiers premium pour rendre vos cartes extraordinaires.<\/p>\n<\/div>\r\n\t\t\t<div class=\"sc_services_item_button sc_item_button\"><a href=\"https:\/\/digi-presse.com\/fr_ca\/services\/greeting-cards\/\" class=\"sc_button sc_button_simple\">Learn more<\/a><\/div>\r\n\t\t\t<\/div>\r\n<\/div>\r\n<\/div><div class=\"trx_addons_column-1_3\"><div class=\"sc_services_item with_content with_image sc_services_item_featured_top\">\r\n\t<div class=\"post_featured with_thumb hover_icon sc_services_item_thumb\"><img loading=\"lazy\" decoding=\"async\" width=\"75\" height=\"75\" src=\"https:\/\/digi-presse.com\/wp-content\/uploads\/2019\/05\/poster.jpg\" class=\"attachment-alpha_color-thumb-med size-alpha_color-thumb-med wp-post-image\" alt=\"Posters \/ Large-Format\" \/><div class=\"mask\"><\/div><div class=\"icons\"><a href=\"https:\/\/digi-presse.com\/fr_ca\/services\/static-cling-signs\/\" aria-hidden=\"true\" class=\"icon-link\"><\/a><\/div><\/div>\t\r\n\t<div class=\"sc_services_item_info\">\r\n\t\t<div class=\"sc_services_item_header\">\r\n\t\t\t\t\t\t<h6 class=\"sc_services_item_title\"><a href=\"https:\/\/digi-presse.com\/fr_ca\/services\/static-cling-signs\/\">Posters \/ Grand format<\/a><\/h6>\r\n\t\t\t<div class=\"sc_services_item_subtitle\"><a href=\"https:\/\/digi-presse.com\/fr_ca\/services_group\/digi-home\/\" title=\"View all posts in Digi Home\">Digi Home<\/a><\/div>\t\t<\/div>\r\n\t\t\t\t\t<div class=\"sc_services_item_content\"><p>Besoin de marquer les esprits ? Nous vous recommandons les posters et affiches personnalis\u00e9es. Si vous essayez de faire passer un message \u00e0 des clients, des employ\u00e9s, ou des invit\u00e9s \u00e0 un \u00e9v\u00e9nement, des posters sont une bonne fa\u00e7on de se d\u00e9marquer. Touchez plus de clients potentiels, et gr\u00e2ce \u00e0 notre grand choix de tailles, les posters personnalis\u00e9s vous laisse tirer profit de tout espace ouvert.<\/p>\n<\/div>\r\n\t\t\t<div class=\"sc_services_item_button sc_item_button\"><a href=\"https:\/\/digi-presse.com\/fr_ca\/services\/static-cling-signs\/\" class=\"sc_button sc_button_simple\">Learn more<\/a><\/div>\r\n\t\t\t<\/div>\r\n<\/div>\r\n<\/div><div class=\"trx_addons_column-1_3\"><div class=\"sc_services_item with_content with_image sc_services_item_featured_top\">\r\n\t<div class=\"post_featured with_thumb hover_icon sc_services_item_thumb\"><img loading=\"lazy\" decoding=\"async\" width=\"75\" height=\"75\" src=\"https:\/\/digi-presse.com\/wp-content\/uploads\/2019\/05\/envelope.jpg\" class=\"attachment-alpha_color-thumb-med size-alpha_color-thumb-med wp-post-image\" alt=\"Envelopes\" \/><div class=\"mask\"><\/div><div class=\"icons\"><a href=\"https:\/\/digi-presse.com\/fr_ca\/services\/envelopes\/\" aria-hidden=\"true\" class=\"icon-link\"><\/a><\/div><\/div>\t\r\n\t<div class=\"sc_services_item_info\">\r\n\t\t<div class=\"sc_services_item_header\">\r\n\t\t\t\t\t\t<h6 class=\"sc_services_item_title\"><a href=\"https:\/\/digi-presse.com\/fr_ca\/services\/envelopes\/\">Enveloppes<\/a><\/h6>\r\n\t\t\t<div class=\"sc_services_item_subtitle\"><a href=\"https:\/\/digi-presse.com\/fr_ca\/services_group\/digi-home\/\" title=\"View all posts in Digi Home\">Digi Home<\/a><\/div>\t\t<\/div>\r\n\t\t\t\t\t<div class=\"sc_services_item_content\"><p>Si vous voulez ajouter votre logo, si vous voulez un design personnalis\u00e9, ou si vous avez besoin d\u2019inscrire une adresse compl\u00e8te, les enveloppes personnalis\u00e9es font en sorte que votre courrier sorte du lot. Avec une impression en couleur, vous pouvez facilement cr\u00e9er un style facile \u00e0 reconna\u00eetre, qui vous d\u00e9marque comme hors du commun \u2013 augmentant alors vos chances que les gens vous remarquent (et vous r\u00e9pondent) en priorit\u00e9.<\/p>\n<\/div>\r\n\t\t\t<div class=\"sc_services_item_button sc_item_button\"><a href=\"https:\/\/digi-presse.com\/fr_ca\/services\/envelopes\/\" class=\"sc_button sc_button_simple\">Learn more<\/a><\/div>\r\n\t\t\t<\/div>\r\n<\/div>\r\n<\/div><div class=\"trx_addons_column-1_3\"><div class=\"sc_services_item with_content with_image sc_services_item_featured_top\">\r\n\t<div class=\"post_featured with_thumb hover_icon sc_services_item_thumb\"><img loading=\"lazy\" decoding=\"async\" width=\"75\" height=\"75\" src=\"https:\/\/digi-presse.com\/wp-content\/uploads\/2019\/05\/sticker.jpg\" class=\"attachment-alpha_color-thumb-med size-alpha_color-thumb-med wp-post-image\" alt=\"Stickers \/ Labels\" \/><div class=\"mask\"><\/div><div class=\"icons\"><a href=\"https:\/\/digi-presse.com\/fr_ca\/services\/stickers-labels\/\" aria-hidden=\"true\" class=\"icon-link\"><\/a><\/div><\/div>\t\r\n\t<div class=\"sc_services_item_info\">\r\n\t\t<div class=\"sc_services_item_header\">\r\n\t\t\t\t\t\t<h6 class=\"sc_services_item_title\"><a href=\"https:\/\/digi-presse.com\/fr_ca\/services\/stickers-labels\/\">Stickers \/ \u00c9tiquettes<\/a><\/h6>\r\n\t\t\t<div class=\"sc_services_item_subtitle\"><a href=\"https:\/\/digi-presse.com\/fr_ca\/services_group\/digi-home\/\" title=\"View all posts in Digi Home\">Digi Home<\/a><\/div>\t\t<\/div>\r\n\t\t\t\t\t<div class=\"sc_services_item_content\"><p>Maintenant, il est facile de montrer \u00e0 vos clients l\u2019attention au d\u00e9tail que vos portez aux produits que vous vendez \u2013 et avoir l\u2019air pro en ce faisant. Vous pouvez non seulement lister les ingr\u00e9dients et\ndiff\u00e9rentier chaque produit pour vos clients, mais aussi construire une image de marque coh\u00e9rente \u00e0 travers vos produits, vos campagnes marketing, et votre publicit\u00e9. Nos stickers\/\u00e9tiquettes personnalis\u00e9s sont parfaitement appropri\u00e9s aux entreprises ; nous avons toutes les tailles, formes, et options de support pour r\u00e9pondre \u00e0 vos besoins.<\/p>\n<\/div>\r\n\t\t\t<div class=\"sc_services_item_button sc_item_button\"><a href=\"https:\/\/digi-presse.com\/fr_ca\/services\/stickers-labels\/\" class=\"sc_button sc_button_simple\">Learn more<\/a><\/div>\r\n\t\t\t<\/div>\r\n<\/div>\r\n<\/div><div class=\"trx_addons_column-1_3\"><div class=\"sc_services_item with_content with_image sc_services_item_featured_top\">\r\n\t<div class=\"post_featured with_thumb hover_icon sc_services_item_thumb\"><img loading=\"lazy\" decoding=\"async\" width=\"75\" height=\"75\" src=\"https:\/\/digi-presse.com\/wp-content\/uploads\/2019\/05\/calendar.jpg\" class=\"attachment-alpha_color-thumb-med size-alpha_color-thumb-med wp-post-image\" alt=\"Calendars\" \/><div class=\"mask\"><\/div><div class=\"icons\"><a href=\"https:\/\/digi-presse.com\/fr_ca\/services\/calendars\/\" aria-hidden=\"true\" class=\"icon-link\"><\/a><\/div><\/div>\t\r\n\t<div class=\"sc_services_item_info\">\r\n\t\t<div class=\"sc_services_item_header\">\r\n\t\t\t\t\t\t<h6 class=\"sc_services_item_title\"><a href=\"https:\/\/digi-presse.com\/fr_ca\/services\/calendars\/\">Calendriers<\/a><\/h6>\r\n\t\t\t<div class=\"sc_services_item_subtitle\"><a href=\"https:\/\/digi-presse.com\/fr_ca\/services_group\/digi-home\/\" title=\"View all posts in Digi Home\">Digi Home<\/a><\/div>\t\t<\/div>\r\n\t\t\t\t\t<div class=\"sc_services_item_content\"><p>Les calendriers customis\u00e9s offrent une opportunit\u00e9 unique d\u2019afficher chaque mois votre marque ou votre message devant vos clients. En se concentrant sur le design plus que le texte, les calendriers mettent en avant votre message avec une image choisie pour chaque mois, et avec les f\u00eates et vacances surlign\u00e9es. <\/p>\n<\/div>\r\n\t\t\t<div class=\"sc_services_item_button sc_item_button\"><a href=\"https:\/\/digi-presse.com\/fr_ca\/services\/calendars\/\" class=\"sc_button sc_button_simple\">Learn more<\/a><\/div>\r\n\t\t\t<\/div>\r\n<\/div>\r\n<\/div><div class=\"trx_addons_column-1_3\"><div class=\"sc_services_item with_content with_image sc_services_item_featured_top\">\r\n\t<div class=\"post_featured with_thumb hover_icon sc_services_item_thumb\"><img loading=\"lazy\" decoding=\"async\" width=\"75\" height=\"75\" src=\"https:\/\/digi-presse.com\/wp-content\/uploads\/2019\/05\/rollup.jpg\" class=\"attachment-alpha_color-thumb-med size-alpha_color-thumb-med wp-post-image\" alt=\"Retractable Banners \/ Media Walls\" \/><div class=\"mask\"><\/div><div class=\"icons\"><a href=\"https:\/\/digi-presse.com\/fr_ca\/services\/retractable-banners-media-walls\/\" aria-hidden=\"true\" class=\"icon-link\"><\/a><\/div><\/div>\t\r\n\t<div class=\"sc_services_item_info\">\r\n\t\t<div class=\"sc_services_item_header\">\r\n\t\t\t\t\t\t<h6 class=\"sc_services_item_title\"><a href=\"https:\/\/digi-presse.com\/fr_ca\/services\/retractable-banners-media-walls\/\">Affiches\nr\u00e9tractables \/ Paravents publicitaires<\/a><\/h6>\r\n\t\t\t<div class=\"sc_services_item_subtitle\"><a href=\"https:\/\/digi-presse.com\/fr_ca\/services_group\/digi-home\/\" title=\"View all posts in Digi Home\">Digi Home<\/a><\/div>\t\t<\/div>\r\n\t\t\t\t\t<div class=\"sc_services_item_content\"><p>Lors d\u2019un salon professionnel, d\u2019une conf\u00e9rence, ou d\u2019un \u00e9v\u00e9nement de pop-up store, nous savons tous que le temps c\u2019est de l\u2019argent. Avec une affiche ou une banni\u00e8re r\u00e9tractable customis\u00e9e, vous pouvez\noptimiser votre temps et votre argent avec une installation simple et rapide. Nos affiches r\u00e9tractables sont livr\u00e9es avec tout ce dont vous aurez besoin : base en aluminium, affiche et sa mallette pour la transporter, avec un assortiment d\u2019options vous laissant customiser votre affiche sur mesure pour\nconvenir \u00e0 votre \u00e9v\u00e9nement, \u00e0 vos pr\u00e9f\u00e9rences, et \u00e0 votre budget.<\/p>\n<\/div>\r\n\t\t\t<div class=\"sc_services_item_button sc_item_button\"><a href=\"https:\/\/digi-presse.com\/fr_ca\/services\/retractable-banners-media-walls\/\" class=\"sc_button sc_button_simple\">Learn more<\/a><\/div>\r\n\t\t\t<\/div>\r\n<\/div>\r\n<\/div><div class=\"trx_addons_column-1_3\"><div class=\"sc_services_item with_content with_image sc_services_item_featured_top\">\r\n\t<div class=\"post_featured with_thumb hover_icon sc_services_item_thumb\"><img loading=\"lazy\" decoding=\"async\" width=\"75\" height=\"75\" src=\"https:\/\/digi-presse.com\/wp-content\/uploads\/2019\/12\/Blueprint_Icon_75_75.jpg\" class=\"attachment-alpha_color-thumb-med size-alpha_color-thumb-med wp-post-image\" alt=\"Blueprints (Copy\/Print)\" \/><div class=\"mask\"><\/div><div class=\"icons\"><a href=\"https:\/\/digi-presse.com\/fr_ca\/services\/blueprints-copy-print\/\" aria-hidden=\"true\" class=\"icon-link\"><\/a><\/div><\/div>\t\r\n\t<div class=\"sc_services_item_info\">\r\n\t\t<div class=\"sc_services_item_header\">\r\n\t\t\t\t\t\t<h6 class=\"sc_services_item_title\"><a href=\"https:\/\/digi-presse.com\/fr_ca\/services\/blueprints-copy-print\/\">Bleus et plans de construction<\/a><\/h6>\r\n\t\t\t<div class=\"sc_services_item_subtitle\"><a href=\"https:\/\/digi-presse.com\/fr_ca\/services_group\/digi-home\/\" title=\"View all posts in Digi Home\">Digi Home<\/a><\/div>\t\t<\/div>\r\n\t\t\t\t\t<div class=\"sc_services_item_content\"><p>We\u2019ll take your blueprints and plan prints to a whole new level of color and quality. Digi-Presse custom blueprint printing services will save you time and money while making your design look as precise and professional as possible. Whether you are a homeowner, a contractor going in front of the town board or a professional architect, we will take your&hellip;<\/p>\n<\/div>\r\n\t\t\t<div class=\"sc_services_item_button sc_item_button\"><a href=\"https:\/\/digi-presse.com\/fr_ca\/services\/blueprints-copy-print\/\" class=\"sc_button sc_button_simple\">Learn more<\/a><\/div>\r\n\t\t\t<\/div>\r\n<\/div>\r\n<\/div><\/div><\/div><!-- \/.sc_services --><div class=\"vc_empty_space  height_large\"   style=\"height: 32px\"><span class=\"vc_empty_space_inner\"><\/span><\/div><\/div><\/div><\/div><\/div>\n<\/div>","protected":false},"excerpt":{"rendered":"We\u2019ll take your blueprints and plan prints to a whole new level of color and quality. Digi-Presse custom blueprint printing services will save you time and money while making your design look as precise and professional as possible. Whether you are a homeowner, a contractor going in front of the town board or a professional architect, we will take your&hellip;","protected":false},"author":1,"featured_media":0,"parent":0,"menu_order":0,"comment_status":"closed","ping_status":"closed","template":"","meta":{"nf_dc_page":"","footnotes":""},"class_list":["post-30","page","type-page","status-publish","hentry"],"_links":{"self":[{"href":"https:\/\/digi-presse.com\/fr_ca\/wp-json\/wp\/v2\/pages\/30","targetHints":{"allow":["GET"]}}],"collection":[{"href":"https:\/\/digi-presse.com\/fr_ca\/wp-json\/wp\/v2\/pages"}],"about":[{"href":"https:\/\/digi-presse.com\/fr_ca\/wp-json\/wp\/v2\/types\/page"}],"author":[{"embeddable":true,"href":"https:\/\/digi-presse.com\/fr_ca\/wp-json\/wp\/v2\/users\/1"}],"replies":[{"embeddable":true,"href":"https:\/\/digi-presse.com\/fr_ca\/wp-json\/wp\/v2\/comments?post=30"}],"version-history":[{"count":13,"href":"https:\/\/digi-presse.com\/fr_ca\/wp-json\/wp\/v2\/pages\/30\/revisions"}],"predecessor-version":[{"id":1262,"href":"https:\/\/digi-presse.com\/fr_ca\/wp-json\/wp\/v2\/pages\/30\/revisions\/1262"}],"wp:attachment":[{"href":"https:\/\/digi-presse.com\/fr_ca\/wp-json\/wp\/v2\/media?parent=30"}],"curies":[{"name":"wp","href":"https:\/\/api.w.org\/{rel}","templated":true}]}}