{"id":2773,"date":"2024-08-15T17:27:22","date_gmt":"2024-08-15T21:27:22","guid":{"rendered":"https:\/\/www.digi-presse.com\/?page_id=2773"},"modified":"2024-10-08T10:06:29","modified_gmt":"2024-10-08T14:06:29","slug":"contact-us","status":"publish","type":"page","link":"https:\/\/digi-presse.com\/fr_ca\/contact-us\/","title":{"rendered":"Nous contacter"},"content":{"rendered":"<div class=\"wpb-content-wrapper\"><div class=\"vc_row wpb_row vc_row-fluid\"><div class=\"wpb_column vc_column_container vc_col-sm-12 sc_layouts_column_icons_position_left\"><div class=\"vc_column-inner\"><div class=\"wpb_wrapper\"><div id=\"sc_title_117038933\"\n\t\tclass=\"sc_title color_style_default sc_title_default\"><h4 class=\"sc_item_title sc_title_title sc_align_center sc_item_title_style_default sc_item_title_tag\">Demande de devis<\/h4><\/div><!-- \/.sc_title --><div class=\"forminator-ui forminator-custom-form forminator-custom-form-2764 forminator-design--material\" data-forminator-render=\"0\" data-form=\"forminator-module-2764\" data-uid=\"69ea40745f924\"><br\/><\/div><form\n\t\t\t\tid=\"forminator-module-2764\"\n\t\t\t\tclass=\"forminator-ui forminator-custom-form forminator-custom-form-2764 forminator-design--material\"\n\t\t\t\tmethod=\"post\"\n\t\t\t\tdata-forminator-render=\"0\"\n\t\t\t\tdata-form-id=\"2764\"\n\t\t\t\tenctype=\"multipart\/form-data\" data-color-option=\"default\" data-design=\"material\" data-grid=\"open\" style=\"display: none;\"\n\t\t\t\tdata-uid=\"69ea40745f924\" action=\"\"\n\t\t\t><div role=\"alert\" aria-live=\"polite\" class=\"forminator-response-message forminator-error\" aria-hidden=\"true\"><\/div><div class=\"forminator-row\"><div id=\"name-1\" class=\"forminator-field-name forminator-col forminator-col-12\"><div class=\"forminator-row forminator-no-margin\" data-multiple=\"true\"><div class=\"forminator-col forminator-col-md-6\"><div class=\"forminator-field\"><label for=\"forminator-field-first-name-1_69ea40745f924\" id=\"forminator-field-first-name-1_69ea40745f924-label\" class=\"forminator-label\">Pr\u00e9nom <span class=\"forminator-required\">*<\/span><\/label><input type=\"text\" name=\"name-1-first-name\" placeholder=\"E.g. John\" id=\"forminator-field-first-name-1_69ea40745f924\" class=\"forminator-input\" aria-required=\"true\" data-multi=\"1\" autocomplete=\"given-name\" value=\"\" \/><\/div><\/div><div class=\"forminator-col forminator-col-md-6\"><div class=\"forminator-field\"><label for=\"forminator-field-last-name-1_69ea40745f924\" id=\"forminator-field-last-name-1_69ea40745f924-label\" class=\"forminator-label\">Nom de famille<\/label><input type=\"text\" name=\"name-1-last-name\" placeholder=\"E.g. Doe\" id=\"forminator-field-last-name-1_69ea40745f924\" class=\"forminator-input\" aria-required=\"false\" data-multi=\"1\" autocomplete=\"family-name\" value=\"\" \/><\/div><\/div><\/div><\/div><\/div><div class=\"forminator-row\"><div id=\"text-1\" class=\"forminator-field-text forminator-col forminator-col-12\"><div class=\"forminator-field\"><label for=\"forminator-field-text-1_69ea40745f924\" id=\"forminator-field-text-1_69ea40745f924-label\" class=\"forminator-label\">Entreprise \/ Organisation<\/label><input type=\"text\" name=\"text-1\" value=\"\" placeholder=\"\" id=\"forminator-field-text-1_69ea40745f924\" class=\"forminator-input forminator-name--field\" data-required=\"\" \/><\/div><\/div><\/div><div class=\"forminator-row\"><div id=\"email-1\" class=\"forminator-field-email forminator-col forminator-col-6\"><div class=\"forminator-field\"><label for=\"forminator-field-email-1_69ea40745f924\" id=\"forminator-field-email-1_69ea40745f924-label\" class=\"forminator-label\">Courriel <span class=\"forminator-required\">*<\/span><\/label><input type=\"email\" name=\"email-1\" value=\"\" placeholder=\"E.g. john@doe.com\" id=\"forminator-field-email-1_69ea40745f924\" class=\"forminator-input forminator-email--field\" data-required=\"true\" aria-required=\"true\" autocomplete=\"email\" \/><\/div><\/div><div id=\"phone-1\" class=\"forminator-field-phone forminator-col forminator-col-6\"><div class=\"forminator-field\"><label for=\"forminator-field-phone-1_69ea40745f924\" id=\"forminator-field-phone-1_69ea40745f924-label\" class=\"forminator-label\">Num\u00e9ro de t\u00e9l\u00e9phone <span class=\"forminator-required\">*<\/span><\/label><input type=\"text\" name=\"phone-1\" value=\"\" placeholder=\"E.g. +1 3004005000\" id=\"forminator-field-phone-1_69ea40745f924\" class=\"forminator-input forminator-field--phone\" data-required=\"1\" aria-required=\"true\" autocomplete=\"off\" data-national_mode=\"enabled\" data-country=\"ca\" data-validation=\"standard\" \/><\/div><\/div><\/div><div class=\"forminator-row\"><div id=\"textarea-1\" class=\"forminator-field-textarea forminator-col forminator-col-12\"><div class=\"forminator-field\"><label for=\"forminator-field-textarea-1_69ea40745f924\" id=\"forminator-field-textarea-1_69ea40745f924-label\" class=\"forminator-label\">Informations sur l'article <span class=\"forminator-required\">*<\/span><\/label><textarea name=\"textarea-1\" placeholder=\"Let us know what you are looking to print\" id=\"forminator-field-textarea-1_69ea40745f924\" class=\"forminator-textarea\" rows=\"6\" style=\"--forminator-textarea-min-height:140px;\" ><\/textarea><\/div><\/div><\/div><div class=\"forminator-row\"><div id=\"text-2\" class=\"forminator-field-text forminator-col forminator-col-12\"><div class=\"forminator-field\"><label for=\"forminator-field-text-2_69ea40745f924\" id=\"forminator-field-text-2_69ea40745f924-label\" class=\"forminator-label\">Mat\u00e9riau <span class=\"forminator-required\">*<\/span><\/label><input type=\"text\" name=\"text-2\" value=\"\" placeholder=\"E.g. paper, cardstock, vinyl, etc.\" id=\"forminator-field-text-2_69ea40745f924\" class=\"forminator-input forminator-name--field\" data-required=\"1\" \/><\/div><\/div><\/div><div class=\"forminator-row\"><div id=\"number-1\" class=\"forminator-field-number forminator-col forminator-col-6\"><div class=\"forminator-field\"><label for=\"forminator-field-number-1_69ea40745f924\" id=\"forminator-field-number-1_69ea40745f924-label\" class=\"forminator-label\">Largeur finie <span class=\"forminator-required\">*<\/span><\/label><input name=\"number-1\" value=\"\" placeholder=\"\" id=\"forminator-field-number-1_69ea40745f924\" class=\"forminator-input forminator-number--field\" inputmode=\"decimal\" data-required=\"1\" data-decimals=\"2\" aria-required=\"true\" data-inputmask=\"&#039;groupSeparator&#039;: &#039;&#039;, &#039;radixPoint&#039;: &#039;.&#039;, &#039;digits&#039;: &#039;2&#039;\" data-hidden-behavior=\"zero\" type=\"number\" step=\"any\" min=\"\" aria-describedby=\"forminator-field-number-1_69ea40745f924-description\" \/><span id=\"forminator-field-number-1_69ea40745f924-description\" class=\"forminator-description\">In Inches<\/span><\/div><\/div><div id=\"number-2\" class=\"forminator-field-number forminator-col forminator-col-6\"><div class=\"forminator-field\"><label for=\"forminator-field-number-2_69ea40745f924\" id=\"forminator-field-number-2_69ea40745f924-label\" class=\"forminator-label\">Hauteur finie <span class=\"forminator-required\">*<\/span><\/label><input name=\"number-2\" value=\"\" placeholder=\"\" id=\"forminator-field-number-2_69ea40745f924\" class=\"forminator-input forminator-number--field\" inputmode=\"decimal\" data-required=\"1\" data-decimals=\"2\" aria-required=\"true\" data-inputmask=\"&#039;groupSeparator&#039;: &#039;&#039;, &#039;radixPoint&#039;: &#039;.&#039;, &#039;digits&#039;: &#039;2&#039;\" data-hidden-behavior=\"zero\" type=\"number\" step=\"any\" min=\"\" aria-describedby=\"forminator-field-number-2_69ea40745f924-description\" \/><span id=\"forminator-field-number-2_69ea40745f924-description\" class=\"forminator-description\">In Inches<\/span><\/div><\/div><\/div><div class=\"forminator-row\"><div id=\"text-3\" class=\"forminator-field-text forminator-col forminator-col-12\"><div class=\"forminator-field\"><label for=\"forminator-field-text-3_69ea40745f924\" id=\"forminator-field-text-3_69ea40745f924-label\" class=\"forminator-label\">Quantit\u00e9<\/label><input type=\"text\" name=\"text-3\" value=\"\" placeholder=\"\" id=\"forminator-field-text-3_69ea40745f924\" class=\"forminator-input forminator-name--field\" data-required=\"\" aria-describedby=\"forminator-field-text-3_69ea40745f924-description\" \/><span id=\"forminator-field-text-3_69ea40745f924-description\" class=\"forminator-description\">List multiple quantities if needed<\/span><\/div><\/div><\/div><div class=\"forminator-row\"><div id=\"date-1\" class=\"forminator-field-date forminator-col forminator-col-12\"><div class=\"forminator-field\"><label for=\"forminator-field-date-1-picker_69ea40745f924\" id=\"forminator-field-date-1-picker_69ea40745f924-label\" class=\"forminator-label\">Date de livraison d\u00e9sir\u00e9e<\/label><div class=\"forminator-input-with-icon\"><span class=\"forminator-icon-calendar\" aria-hidden=\"true\"><\/span><input autocomplete=\"off\" type=\"text\" size=\"1\" name=\"date-1\" value=\"\" placeholder=\"Choose Date\" id=\"forminator-field-date-1-picker_69ea40745f924\" class=\"forminator-input forminator-datepicker\" data-required=\"\" data-format=\"mm\/dd\/yy\" data-restrict-type=\"week\" data-restrict=\"0,6\" data-start-year=\"2026\" data-end-year=\"2126\" data-past-dates=\"enable\" data-start-of-week=\"1\" data-start-date=\"2026-04-23\" data-end-date=\"\" data-start-field=\"\" data-end-field=\"\" data-start-offset=\"\" data-end-offset=\"\" data-disable-date=\"\" data-disable-range=\"\" \/><\/div><\/div><\/div><\/div><div class=\"forminator-row\"><div id=\"upload-1\" class=\"forminator-field-upload forminator-col forminator-col-12\"><div class=\"forminator-field\"><label for=\"forminator-field-upload-1_69ea40745f924\" id=\"forminator-field-upload-1_69ea40745f924-label\" class=\"forminator-label\">Exemples d'images ou de fichiers<\/label><div class=\"forminator-multi-upload\" data-element=\"upload-1_69ea40745f924\"><input type=\"file\" name=\"upload-1[]\" id=\"forminator-field-upload-1_69ea40745f924\" class=\"forminator-input-file forminator-field-upload-1_69ea40745f924-2764\" multiple=\"multiple\" data-method=\"ajax\" accept=\".jpg,.jpeg,.jpe,.gif,.png,.bmp,.tiff,.tif,.webp,.avif,.ico,.heic,.tar,.zip,.gz,.gzip,.7z,.psd,.xcf,.pdf,.doc,.pot,.pps,.ppt,.wri,.mdb,.mpp,.docx,.docm,.dotx,.dotm,.onetoc,.onetoc2,.onetmp,.onepkg,.odt,.odp,.odg,.odc,.odb,.odf,.pages,.wp,.wpd,.oxps,.xps\" data-limit=\"5\" data-limit-message=\"You can upload a maximum of 5 files.\" data-size=\"4000000\" data-size-message=\"Maximum file size allowed is 4 MB. \" data-filetype=\"jpg|jpeg|jpe|gif|png|bmp|tiff|tif|webp|avif|ico|heic|tar|zip|gz|gzip|7z|psd|xcf|pdf|doc|pot|pps|ppt|wri|mdb|mpp|docx|docm|dotx|dotm|onetoc|onetoc2|onetmp|onepkg|odt|odp|odg|odc|odb|odf|pages|wp|wpd|oxps|xps\" data-filetype-message=\"file extension is not allowed.\"><div class=\"forminator-multi-upload-message\" aria-hidden=\"true\"><span class=\"forminator-icon-upload\" aria-hidden=\"true\"><\/span><p>Drag and Drop (or) <a class=\"forminator-upload-file--forminator-field-upload-1_69ea40745f924\" href=\"#\" onclick=\"return false;\">Choose Files<\/a><\/p><\/div><\/div><ul class=\"forminator-uploaded-files upload-container-upload-1_69ea40745f924\"><\/ul><\/div><\/div><\/div><div class=\"forminator-row\" style=\"margin: 0;\"><div id=\"captcha-1\" class=\"forminator-field-captcha  forminator-col-12\"><div class=\"forminator-captcha-left forminator-g-recaptcha recaptcha-invisible\" data-theme=\"light\" data-badge=\"bottomright\" data-sitekey=\"6LeiwCcqAAAAAK3LPd2uy1ExMCm-qo_U9-iLD9GG\" data-size=\"invisible\"><\/div> <\/div><\/div><input type=\"hidden\" name=\"referer_url\" value=\"\" \/><div class=\"forminator-row forminator-row-last\"><div class=\"forminator-col\"><div class=\"forminator-field\"><button class=\"forminator-button forminator-button-submit\"><span>Soumettre la demande<\/span><span aria-hidden=\"true\"><\/span><\/button><\/div><\/div><\/div><input type=\"hidden\" id=\"forminator_nonce\" name=\"forminator_nonce\" value=\"8501ef0b36\" \/><input type=\"hidden\" name=\"_wp_http_referer\" value=\"\/fr_ca\/wp-json\/wp\/v2\/pages\/2773\" \/><input type=\"hidden\" name=\"form_id\" value=\"2764\"><input type=\"hidden\" name=\"page_id\" value=\"2773\"><input type=\"hidden\" name=\"form_type\" value=\"default\"><input type=\"hidden\" name=\"current_url\" value=\"https:\/\/digi-presse.com\/fr_ca\/contact-us\/\"><input type=\"hidden\" name=\"render_id\" value=\"0\"><input type=\"hidden\" name=\"forminator-multifile-hidden\" class=\"forminator-multifile-hidden\"><input type=\"hidden\" name=\"action\" value=\"forminator_submit_form_custom-forms\"><input type=\"hidden\" name=\"trp-form-language\" value=\"fr_ca\"\/><\/form><\/div><\/div><\/div><\/div><div class=\"vc_row wpb_row vc_row-fluid\"><div class=\"wpb_column vc_column_container vc_col-sm-12 sc_layouts_column_icons_position_left\"><div class=\"vc_column-inner\"><div class=\"wpb_wrapper\">\n<div class=\"vc-zigzag-wrapper vc-zigzag-align-center\"><div class=\"vc-zigzag-inner\" style=\"width: 100%;min-height: 14px;background: 0 repeat-x url(&#039;data:image\/svg+xml;utf-8,%3C%3Fxml%20version%3D%221.0%22%20encoding%3D%22utf-8%22%3F%3E%3C%21DOCTYPE%20svg%20PUBLIC%20%22-%2F%2FW3C%2F%2FDTD%20SVG%201.1%2F%2FEN%22%20%22http%3A%2F%2Fwww.w3.org%2FGraphics%2FSVG%2F1.1%2FDTD%2Fsvg11.dtd%22%3E%3Csvg%20width%3D%2214px%22%20height%3D%2212px%22%20viewBox%3D%220%200%2018%2015%22%20version%3D%221.1%22%20xmlns%3D%22http%3A%2F%2Fwww.w3.org%2F2000%2Fsvg%22%20xmlns%3Axlink%3D%22http%3A%2F%2Fwww.w3.org%2F1999%2Fxlink%22%3E%3Cpolygon%20id%3D%22Combined-Shape%22%20fill%3D%22%23ebebeb%22%20points%3D%228.98762301%200%200%209.12771969%200%2014.519983%209%205.40479869%2018%2014.519983%2018%209.12771969%22%3E%3C%2Fpolygon%3E%3C%2Fsvg%3E&#039;);\"><\/div><\/div><\/div><\/div><\/div><\/div><div class=\"vc_row wpb_row vc_row-fluid\"><div class=\"wpb_column vc_column_container vc_col-sm-6 sc_layouts_column_icons_position_left\"><div class=\"vc_column-inner\"><div class=\"wpb_wrapper\"><div id=\"sc_content_877544519\"\n\t\tclass=\"sc_content color_style_default sc_content_bordered sc_float_center sc_padding_medium  vc_custom_1507799975716\"><div class=\"sc_content_container\">\n\t<div class=\"wpb_text_column wpb_content_element\" >\n\t\t<div class=\"wpb_wrapper\">\n\t\t\t<h3>Nous contacter autrement<\/h3>\n<p><strong><span class=\"trx_addons_label_text\">T\u00e9l\u00e9phone:<\/span><\/strong> <a href=\"tel:15147390588\">1.514.739.0588<\/a><br \/>\n<strong><span class=\"trx_addons_label_text\">Courriel:<\/span><\/strong> <a href=\"mailto:info@digi-presse.com\">info@digi-presse.com<\/a><br \/>\n<strong><span class=\"trx_addons_label_text\">Addresse:<\/span><\/strong> 5473 rue Par\u00e9, Suite #105, Mont-Royal, Qu\u00e9bec, H4P 1P7<br \/>\n<strong>Heures d'ouverture:<\/strong> 9h00 \u00e0 18h00 - lundi \u00e0 vendredi<\/p>\n<ul>\n<li>Id\u00e9alement situ\u00e9 \u00e0 proximit\u00e9 de la station de m\u00e9tro Namur. <b>Namur<\/b> metro station.<\/li>\n<li>Stationnement gratuite juste \u00e0 notre porte.<\/li>\n<li>Paiement par : Visa, MasterCard, American Express ou d\u00e9bit.<\/li>\n<\/ul>\n\n\t\t<\/div>\n\t<\/div>\n<\/div><\/div><!-- \/.sc_content --><\/div><\/div><\/div><div class=\"wpb_column vc_column_container vc_col-sm-6 sc_layouts_column_icons_position_left\"><div class=\"vc_column-inner\"><div class=\"wpb_wrapper\"><div id=\"sc_googlemap_1978699234_wrap\" class=\"sc_googlemap_wrap\"><div id=\"sc_googlemap_1978699234\"\n\t\t\tclass=\"sc_googlemap sc_googlemap_default\"\n\t\t\t style=\"width:100%;height:373px;\"\t\t\tdata-zoom=\"14\"\n\t\t\tdata-style=\"dark\"\n\t\t\tdata-cluster-icon=\"\"\n        ><iframe\n                    src=\"https:\/\/maps.google.com\/maps?t=m&output=embed&iwloc=near&z=14&q=5473+rue+Par%C3%A9%2C+Suite+105%2C+Mont-Royal%2C+Qu%C3%A9bec%2C+H4P+1P7%2C+Canada\"\n                    scrolling=\"no\"\n                    marginheight=\"0\"\n                    marginwidth=\"0\"\n                    frameborder=\"0\"\n                    aria-label=\"\"><\/iframe><\/div><\/div><!-- \/.sc_googlemap_wrap --><\/div><\/div><\/div><\/div>\n<\/div>","protected":false},"excerpt":{"rendered":"Print Quote RequestFirst Name *Last NameBusiness \/ OrganizationEmail Address *Phone Number *Item Request *Material *Finished Width *In InchesFinished Height *In InchesQuantityList multiple quantities if neededDesired Delivery DateSample Images or FilesDrag and Drop (or) Choose Files Request Quote Contact Info Phone: 1.514.739.0588 Email: info@digi-presse.com Address: 5473 rue Par\u00e9, Suite #105, Mont-Royal, Qu\u00e9bec, H4P 1P7 Business Hours: 9\u2009a.m. to 6\u2009p.m. - Monday&hellip;","protected":false},"author":1,"featured_media":0,"parent":0,"menu_order":0,"comment_status":"closed","ping_status":"closed","template":"","meta":{"nf_dc_page":"","footnotes":""},"class_list":["post-2773","page","type-page","status-publish","hentry"],"_links":{"self":[{"href":"https:\/\/digi-presse.com\/fr_ca\/wp-json\/wp\/v2\/pages\/2773","targetHints":{"allow":["GET"]}}],"collection":[{"href":"https:\/\/digi-presse.com\/fr_ca\/wp-json\/wp\/v2\/pages"}],"about":[{"href":"https:\/\/digi-presse.com\/fr_ca\/wp-json\/wp\/v2\/types\/page"}],"author":[{"embeddable":true,"href":"https:\/\/digi-presse.com\/fr_ca\/wp-json\/wp\/v2\/users\/1"}],"replies":[{"embeddable":true,"href":"https:\/\/digi-presse.com\/fr_ca\/wp-json\/wp\/v2\/comments?post=2773"}],"version-history":[{"count":10,"href":"https:\/\/digi-presse.com\/fr_ca\/wp-json\/wp\/v2\/pages\/2773\/revisions"}],"predecessor-version":[{"id":2795,"href":"https:\/\/digi-presse.com\/fr_ca\/wp-json\/wp\/v2\/pages\/2773\/revisions\/2795"}],"wp:attachment":[{"href":"https:\/\/digi-presse.com\/fr_ca\/wp-json\/wp\/v2\/media?parent=2773"}],"curies":[{"name":"wp","href":"https:\/\/api.w.org\/{rel}","templated":true}]}}